{"id":100,"date":"2023-02-01T10:24:52","date_gmt":"2023-02-01T10:24:52","guid":{"rendered":"https:\/\/sternwarte-sha.de\/?page_id=100"},"modified":"2025-01-10T11:40:14","modified_gmt":"2025-01-10T11:40:14","slug":"datenschutz","status":"publish","type":"page","link":"https:\/\/sternwarte-sha.de\/?page_id=100","title":{"rendered":"Datenschutz"},"content":{"rendered":"\n<h2 class=\"wp-block-heading\">Wer wir sind<\/h2>\n\n\n\n<p class=\"wp-block-paragraph\">Die Adresse unserer Website ist: <a href=\"https:\/\/sternwarte-sha.de\/\">https:\/\/sternwarte-sha.de<\/a>. Schulsternwarte des Gymnasiums bei St. Michael, 74523 Schw\u00e4bisch Hall, T\u00fcngentalerstr. 92.<\/p>\n\n\n\n<p class=\"wp-block-paragraph\">Verantwortlich f\u00fcr den Betrieb und Durchf\u00fchrung von Sternf\u00fchrungen: Traugott Hald, Schmiedsgasse 13\/5, 74523 Schw\u00e4bisch Hall, Tel 07913459<\/p>\n\n\n\n<h2 class=\"wp-block-heading\">Kommentare<\/h2>\n\n\n\n<p class=\"wp-block-paragraph\">Kommentare sind nicht vorgesehen. Sie k\u00f6nnen keine Beitr\u00e4ge auf dieser Seite posten. Auf dem Kontaktformular k\u00f6nnen Sie Ihren Namen und Ihre Email Adresse angeben sowie Ihre Telefonverbindung, damit ich Sie wegen einer Sternf\u00fchrung kontaktieren kann. Ihre Daten werden nicht an Dritte weitergegeben und nach erfolgter Sternf\u00fchrung gel\u00f6scht.<\/p>\n\n\n\n<h2 class=\"wp-block-heading\">Cookies<\/h2>\n\n\n\n<p class=\"wp-block-paragraph\">Wir benutzen keine Cookies, es sei denn, dass Sie einen Link zu einer anderen Webseite nutzen.<\/p>\n\n\n\n<h2 class=\"wp-block-heading\">Eingebettete Inhalte von anderen Websites<\/h2>\n\n\n\n<p class=\"wp-block-paragraph\">Beitr\u00e4ge auf dieser Website k\u00f6nnen eingebettete Inhalte beinhalten (z.&nbsp;B. Videos, Bilder, Beitr\u00e4ge etc.). Eingebettete Inhalte von anderen Websites verhalten sich exakt so, als ob der Besucher die andere Website besucht h\u00e4tte.<\/p>\n\n\n\n<p class=\"wp-block-paragraph\">Diese Websites k\u00f6nnen Daten \u00fcber dich sammeln, Cookies benutzen, zus\u00e4tzliche Tracking-Dienste von Dritten einbetten und deine Interaktion mit diesem eingebetteten Inhalt aufzeichnen, inklusive deiner Interaktion mit dem eingebetteten Inhalt, falls du ein Konto hast und auf dieser Website angemeldet bist.<\/p>\n\n\n\n<h2 class=\"wp-block-heading\">Mit wem wir deine Daten teilen<\/h2>\n\n\n\n<p class=\"wp-block-paragraph\">Ihre Daten werden nicht mit Dritten geteilt.<\/p>\n\n\n\n<h2 class=\"wp-block-heading\">Wie lange wir deine Daten speichern<\/h2>\n\n\n\n<p class=\"wp-block-paragraph\">Ihre Daten dienen nur der Kontaktaufnahme f\u00fcr eine Sternf\u00fchrung und werden nach der F\u00fchrung gel\u00f6scht, au\u00dfer Sie wollen auf der Interessentenliste bleiben. Sie k\u00f6nnen mir bei der F\u00fchrung Ihre Zustimmung dazu erteilen.<\/p>\n\n\n\n<h2 class=\"wp-block-heading\"><\/h2>\n","protected":false},"excerpt":{"rendered":"<p>Wer wir sind Die Adresse unserer Website ist: https:\/\/sternwarte-sha.de. Schulsternwarte des Gymnasiums bei St. Michael, 74523 Schw\u00e4bisch Hall, T\u00fcngentalerstr. 92. Verantwortlich f\u00fcr den Betrieb und Durchf\u00fchrung von Sternf\u00fchrungen: Traugott Hald, Schmiedsgasse 13\/5, 74523 Schw\u00e4bisch Hall, Tel 07913459 Kommentare Kommentare sind nicht vorgesehen. Sie k\u00f6nnen keine Beitr\u00e4ge auf dieser Seite posten. Auf dem Kontaktformular k\u00f6nnen Sie &hellip; <a href=\"https:\/\/sternwarte-sha.de\/?page_id=100\" class=\"more-link\"><span class=\"screen-reader-text\">\u201eDatenschutz\u201c <\/span>weiterlesen<\/a><\/p>\n","protected":false},"author":1,"featured_media":0,"parent":0,"menu_order":0,"comment_status":"closed","ping_status":"closed","template":"","meta":{"_crdt_document":"","footnotes":""},"class_list":["post-100","page","type-page","status-publish","hentry"],"_links":{"self":[{"href":"https:\/\/sternwarte-sha.de\/index.php?rest_route=\/wp\/v2\/pages\/100","targetHints":{"allow":["GET"]}}],"collection":[{"href":"https:\/\/sternwarte-sha.de\/index.php?rest_route=\/wp\/v2\/pages"}],"about":[{"href":"https:\/\/sternwarte-sha.de\/index.php?rest_route=\/wp\/v2\/types\/page"}],"author":[{"embeddable":true,"href":"https:\/\/sternwarte-sha.de\/index.php?rest_route=\/wp\/v2\/users\/1"}],"replies":[{"embeddable":true,"href":"https:\/\/sternwarte-sha.de\/index.php?rest_route=%2Fwp%2Fv2%2Fcomments&post=100"}],"version-history":[{"count":3,"href":"https:\/\/sternwarte-sha.de\/index.php?rest_route=\/wp\/v2\/pages\/100\/revisions"}],"predecessor-version":[{"id":288,"href":"https:\/\/sternwarte-sha.de\/index.php?rest_route=\/wp\/v2\/pages\/100\/revisions\/288"}],"wp:attachment":[{"href":"https:\/\/sternwarte-sha.de\/index.php?rest_route=%2Fwp%2Fv2%2Fmedia&parent=100"}],"curies":[{"name":"wp","href":"https:\/\/api.w.org\/{rel}","templated":true}]}}