{"id":67,"date":"2023-01-31T19:21:51","date_gmt":"2023-01-31T19:21:51","guid":{"rendered":"https:\/\/sternwarte-sha.de\/?page_id=67"},"modified":"2025-10-19T13:46:12","modified_gmt":"2025-10-19T13:46:12","slug":"fuehrungen","status":"publish","type":"page","link":"https:\/\/sternwarte-sha.de\/?page_id=67","title":{"rendered":"F\u00fchrungen"},"content":{"rendered":"\n<p class=\"has-dark-gray-color has-text-color has-medium-font-size wp-block-paragraph\">Im Winterhalbjahr von Mitte September bis Anfang April bieten wir regelm\u00e4\u00dfig F\u00fchrungen in der Sternwarte auf dem Gymnasium bei St Michael an. Man trifft sich am<strong> Haupteingang der Schule (von T\u00fcngentaler Stra\u00dfe aus)<\/strong> jeweils um 20 Uhr. Eine Anmeldung ist nicht n\u00f6tig. Achten Sie auf warme Kleidung.<\/p>\n\n\n\n<p class=\"has-bright-red-color has-text-color has-link-color has-medium-font-size wp-elements-54d0b8fa75686d7f4ba93a8f713fabf8 wp-block-paragraph\"><strong>Die F\u00fchrungen finden nur bei offenem Himmel statt. Bei bedecktem Himmel f\u00e4llt die F\u00fchrung aus.<\/strong><\/p>\n\n\n\n<p class=\"has-dark-red-color has-text-color has-medium-font-size wp-block-paragraph\">Wenn Sie mit einer gr\u00f6\u00dferen Gruppe kommen wollen oder einen Extra Termin buchen wollen, dann schreiben Sie mir bitte eine email an<strong> t_hald at gmx.de<\/strong>. (ich habe das Kontaktformular entfernt, weil ich viele Spam Nachrichten bekommen habe)<\/p>\n\n\n\n<figure class=\"wp-block-image size-large\"><img loading=\"lazy\" decoding=\"async\" width=\"1024\" height=\"683\" src=\"https:\/\/sternwarte-sha.de\/wp-content\/uploads\/2023\/01\/IMG_9263-1024x683.jpg\" alt=\"\" class=\"wp-image-68\" srcset=\"https:\/\/sternwarte-sha.de\/wp-content\/uploads\/2023\/01\/IMG_9263-1024x683.jpg 1024w, https:\/\/sternwarte-sha.de\/wp-content\/uploads\/2023\/01\/IMG_9263-300x200.jpg 300w, https:\/\/sternwarte-sha.de\/wp-content\/uploads\/2023\/01\/IMG_9263-768x512.jpg 768w, https:\/\/sternwarte-sha.de\/wp-content\/uploads\/2023\/01\/IMG_9263-1536x1024.jpg 1536w, https:\/\/sternwarte-sha.de\/wp-content\/uploads\/2023\/01\/IMG_9263-2048x1365.jpg 2048w, https:\/\/sternwarte-sha.de\/wp-content\/uploads\/2023\/01\/IMG_9263-1200x800.jpg 1200w\" sizes=\"auto, (max-width: 709px) 85vw, (max-width: 909px) 67vw, (max-width: 1362px) 62vw, 840px\" \/><\/figure>\n\n\n\n<p class=\"wp-block-paragraph\">F\u00fchrung auf freiem Feld<\/p>\n\n\n\n<details class=\"wp-block-details is-layout-flow wp-block-details-is-layout-flow\"><summary><\/summary>\n<p class=\"wp-block-paragraph\"><\/p>\n<\/details>\n","protected":false},"excerpt":{"rendered":"<p>Im Winterhalbjahr von Mitte September bis Anfang April bieten wir regelm\u00e4\u00dfig F\u00fchrungen in der Sternwarte auf dem Gymnasium bei St Michael an. Man trifft sich am Haupteingang der Schule (von T\u00fcngentaler Stra\u00dfe aus) jeweils um 20 Uhr. Eine Anmeldung ist nicht n\u00f6tig. Achten Sie auf warme Kleidung. Die F\u00fchrungen finden nur bei offenem Himmel statt. &hellip; <a href=\"https:\/\/sternwarte-sha.de\/?page_id=67\" class=\"more-link\"><span class=\"screen-reader-text\">\u201eF\u00fchrungen\u201c <\/span>weiterlesen<\/a><\/p>\n","protected":false},"author":1,"featured_media":0,"parent":0,"menu_order":0,"comment_status":"closed","ping_status":"closed","template":"","meta":{"_crdt_document":"","footnotes":""},"class_list":["post-67","page","type-page","status-publish","hentry"],"_links":{"self":[{"href":"https:\/\/sternwarte-sha.de\/index.php?rest_route=\/wp\/v2\/pages\/67","targetHints":{"allow":["GET"]}}],"collection":[{"href":"https:\/\/sternwarte-sha.de\/index.php?rest_route=\/wp\/v2\/pages"}],"about":[{"href":"https:\/\/sternwarte-sha.de\/index.php?rest_route=\/wp\/v2\/types\/page"}],"author":[{"embeddable":true,"href":"https:\/\/sternwarte-sha.de\/index.php?rest_route=\/wp\/v2\/users\/1"}],"replies":[{"embeddable":true,"href":"https:\/\/sternwarte-sha.de\/index.php?rest_route=%2Fwp%2Fv2%2Fcomments&post=67"}],"version-history":[{"count":14,"href":"https:\/\/sternwarte-sha.de\/index.php?rest_route=\/wp\/v2\/pages\/67\/revisions"}],"predecessor-version":[{"id":334,"href":"https:\/\/sternwarte-sha.de\/index.php?rest_route=\/wp\/v2\/pages\/67\/revisions\/334"}],"wp:attachment":[{"href":"https:\/\/sternwarte-sha.de\/index.php?rest_route=%2Fwp%2Fv2%2Fmedia&parent=67"}],"curies":[{"name":"wp","href":"https:\/\/api.w.org\/{rel}","templated":true}]}}